{"id":223,"date":"2022-07-18T15:31:52","date_gmt":"2022-07-18T13:31:52","guid":{"rendered":"http:\/\/chtigiterando.com\/?page_id=223"},"modified":"2025-07-30T10:53:33","modified_gmt":"2025-07-30T08:53:33","slug":"elementor-223","status":"publish","type":"page","link":"https:\/\/chtigiterando.com\/?page_id=223","title":{"rendered":"Tarif et R\u00e9servation"},"content":{"rendered":"\t\t<div data-elementor-type=\"wp-page\" data-elementor-id=\"223\" class=\"elementor elementor-223\">\n\t\t\t\t\t\t<section class=\"elementor-section elementor-top-section elementor-element elementor-element-8e0ced3 elementor-section-boxed elementor-section-height-default elementor-section-height-default\" data-id=\"8e0ced3\" data-element_type=\"section\" data-e-type=\"section\">\n\t\t\t\t\t\t<div class=\"elementor-container elementor-column-gap-default\">\n\t\t\t\t\t<div class=\"elementor-column elementor-col-50 elementor-top-column elementor-element elementor-element-4b4e34a\" data-id=\"4b4e34a\" data-element_type=\"column\" data-e-type=\"column\">\n\t\t\t<div class=\"elementor-widget-wrap elementor-element-populated\">\n\t\t\t\t\t\t<div class=\"elementor-element elementor-element-82cb0e7 elementor-widget elementor-widget-heading\" data-id=\"82cb0e7\" data-element_type=\"widget\" data-e-type=\"widget\" data-widget_type=\"heading.default\">\n\t\t\t\t<div class=\"elementor-widget-container\">\n\t\t\t\t\t<h2 class=\"elementor-heading-title elementor-size-default\"><u>Tarif<\/u> :<\/h2>\t\t\t\t<\/div>\n\t\t\t\t<\/div>\n\t\t\t\t<div class=\"elementor-element elementor-element-0d441e1 elementor-drop-cap-yes elementor-drop-cap-view-default elementor-widget elementor-widget-text-editor\" data-id=\"0d441e1\" data-element_type=\"widget\" data-e-type=\"widget\" data-settings=\"{&quot;drop_cap&quot;:&quot;yes&quot;}\" data-widget_type=\"text-editor.default\">\n\t\t\t\t<div class=\"elementor-widget-container\">\n\t\t\t\t\t\t\t\t\t<h3>Pour 1 semaine : 450\u20ac<\/h3><h3>Week-end et court s\u00e9jour sur demande (2 nuit\u00e9es minimum) :<\/h3><h3>65\u20ac\/nuit pour 2 personnes<\/h3><h3>80\u20ac\/nuit de 3 \u00e0 4 personnes<\/h3><h3>120\u20ac\/nuit de 5 \u00e0 6 personnes<\/h3><h3>Accompte :30%<\/h3><h3>Caution : 200\u20ac<\/h3><h3>Possibilit\u00e9 de m\u00e9nage : 50\u20ac<\/h3><h3>Taxe de s\u00e9jour : 3,30\u20ac par jour par personne (enfant de -13 ans \u00e9xon\u00e9r\u00e9)<\/h3>\t\t\t\t\t\t\t\t<\/div>\n\t\t\t\t<\/div>\n\t\t\t\t\t<\/div>\n\t\t<\/div>\n\t\t\t\t<div class=\"elementor-column elementor-col-50 elementor-top-column elementor-element elementor-element-d1f5382\" data-id=\"d1f5382\" data-element_type=\"column\" data-e-type=\"column\">\n\t\t\t<div class=\"elementor-widget-wrap elementor-element-populated\">\n\t\t\t\t\t\t<div class=\"elementor-element elementor-element-4e15e89 elementor-widget elementor-widget-heading\" data-id=\"4e15e89\" data-element_type=\"widget\" data-e-type=\"widget\" data-widget_type=\"heading.default\">\n\t\t\t\t<div class=\"elementor-widget-container\">\n\t\t\t\t\t<h2 class=\"elementor-heading-title elementor-size-default\"><u>R\u00e9servation<\/u> :<\/h2>\t\t\t\t<\/div>\n\t\t\t\t<\/div>\n\t\t\t\t<div class=\"elementor-element elementor-element-62d26ea elementor-widget elementor-widget-text-editor\" data-id=\"62d26ea\" data-element_type=\"widget\" data-e-type=\"widget\" data-widget_type=\"text-editor.default\">\n\t\t\t\t<div class=\"elementor-widget-container\">\n\t\t\t\t\t\t\t\t\t<h3>Les demandes de r\u00e9servation doivent \u00eatre faites via le<span style=\"text-decoration: underline;\"><span style=\"color: #ff9900; text-decoration: underline;\">\u00a0<a style=\"color: #ff9900; text-decoration: underline;\" href=\"https:\/\/chtigiterando.com\/?page_id=175\">formulaire de contact<\/a><\/span><\/span> ou par courrier \u00e9lectronique \u00e0 <span style=\"text-decoration: underline;\"><span style=\"color: #ff9900; text-decoration: underline;\">mlduflos2020@gmail.com<\/span><\/span><\/h3><h3>Cependant si vous rencontrez des difficult\u00e9s avec internet ou votre messagerie ou si vous souhaitez plus d\u2019informations, n\u2019h\u00e9sitez pas \u00e0 nous contacter par t\u00e9l\u00e9phone au :<\/h3><h3>+33 (0)6 86 90 25 85<\/h3><p>\u00a0<\/p>\t\t\t\t\t\t\t\t<\/div>\n\t\t\t\t<\/div>\n\t\t\t\t<div class=\"elementor-element elementor-element-677537f elementor-widget elementor-widget-heading\" data-id=\"677537f\" data-element_type=\"widget\" data-e-type=\"widget\" data-widget_type=\"heading.default\">\n\t\t\t\t<div class=\"elementor-widget-container\">\n\t\t\t\t\t<h2 class=\"elementor-heading-title elementor-size-default\"><u>Disponibilit\u00e9s<\/u> : ci dessous<\/h2>\t\t\t\t<\/div>\n\t\t\t\t<\/div>\n\t\t\t\t\t<\/div>\n\t\t<\/div>\n\t\t\t\t\t<\/div>\n\t\t<\/section>\n\t\t\t\t<section class=\"elementor-section elementor-top-section elementor-element elementor-element-098507b elementor-section-boxed elementor-section-height-default elementor-section-height-default\" data-id=\"098507b\" data-element_type=\"section\" data-e-type=\"section\">\n\t\t\t\t\t\t<div class=\"elementor-container elementor-column-gap-default\">\n\t\t\t\t\t<div class=\"elementor-column elementor-col-66 elementor-top-column elementor-element elementor-element-4375d4c\" data-id=\"4375d4c\" data-element_type=\"column\" data-e-type=\"column\">\n\t\t\t<div class=\"elementor-widget-wrap elementor-element-populated\">\n\t\t\t\t\t\t<div class=\"elementor-element elementor-element-4bfb757 elementor-widget elementor-widget-html\" data-id=\"4bfb757\" data-element_type=\"widget\" data-e-type=\"widget\" data-widget_type=\"html.default\">\n\t\t\t\t<div class=\"elementor-widget-container\">\n\t\t\t\t\t<iframe src=\"https:\/\/calendar.google.com\/calendar\/embed?height=600&wkst=2&ctz=Europe%2FParis&showPrint=0&showCalendars=0&showTz=0&showTabs=0&title=Chti%20Gite%20Rando&showTitle=0&src=NDJiaHZxNnNnbWJzamsyMGtjb212Ym5sZDVxN2RxczFAaW1wb3J0LmNhbGVuZGFyLmdvb2dsZS5jb20&color=%23d81b60\" style=\"border-width:0\" width=\"600\" height=\"600\" frameborder=\"0\" scrolling=\"no\"><\/iframe>\t\t\t\t<\/div>\n\t\t\t\t<\/div>\n\t\t\t\t\t<\/div>\n\t\t<\/div>\n\t\t\t\t<div class=\"elementor-column elementor-col-33 elementor-top-column elementor-element elementor-element-a0d03eb\" data-id=\"a0d03eb\" data-element_type=\"column\" data-e-type=\"column\">\n\t\t\t<div class=\"elementor-widget-wrap elementor-element-populated\">\n\t\t\t\t\t\t<div class=\"elementor-element elementor-element-bce06f0 elementor-widget elementor-widget-html\" data-id=\"bce06f0\" data-element_type=\"widget\" data-e-type=\"widget\" data-widget_type=\"html.default\">\n\t\t\t\t<div class=\"elementor-widget-container\">\n\t\t\t\t\t<div class=\"airbnb-embed-frame\" data-id=\"842583265958078882\" data-view=\"home\" data-hide-price=\"true\" data-hide-reviews=\"true\" style=\"width: 450px; height: 300px; margin: auto;\"><a href=\"https:\/\/www.airbnb.fr\/rooms\/842583265958078882?check_in=2025-10-08&amp;check_out=2025-10-14&amp;guests=1&amp;adults=1&amp;s=66&amp;source=embed_widget\" rel=\"nofollow\">Voir sur Airbnb<\/a><a href=\"https:\/\/www.airbnb.fr\/rooms\/842583265958078882?check_in=2025-10-08&amp;check_out=2025-10-14&amp;guests=1&amp;adults=1&amp;s=66&amp;source=embed_widget\" rel=\"nofollow\">Maison d'h\u00f4tes \u00b7 Gien-sur-Cure \u00b7 \u26054,97 \u00b7 2 chambres \u00b7 3 lits \u00b7 1&nbsp;salle de bain et 1&nbsp;toilette<\/a><script async=\"\" src=\"https:\/\/www.airbnb.fr\/embeddable\/airbnb_jssdk\"><\/script><\/div>\t\t\t\t<\/div>\n\t\t\t\t<\/div>\n\t\t\t\t\t<\/div>\n\t\t<\/div>\n\t\t\t\t\t<\/div>\n\t\t<\/section>\n\t\t\t\t<\/div>\n\t\t","protected":false},"excerpt":{"rendered":"<p>Tarif : Pour 1 semaine : 450\u20ac Week-end et court s\u00e9jour sur demande (2 nuit\u00e9es minimum) : 65\u20ac\/nuit pour 2 personnes 80\u20ac\/nuit de 3 \u00e0 4 personnes 120\u20ac\/nuit de 5 \u00e0 6 personnes Accompte :30% Caution : 200\u20ac Possibilit\u00e9 de m\u00e9nage : 50\u20ac Taxe de s\u00e9jour : 3,30\u20ac par jour par personne (enfant de -13 [&hellip;]<\/p>\n","protected":false},"author":1,"featured_media":0,"parent":0,"menu_order":0,"comment_status":"closed","ping_status":"closed","template":"","meta":{"ocean_post_layout":"","ocean_both_sidebars_style":"","ocean_both_sidebars_content_width":0,"ocean_both_sidebars_sidebars_width":0,"ocean_sidebar":"0","ocean_second_sidebar":"0","ocean_disable_margins":"enable","ocean_add_body_class":"","ocean_shortcode_before_top_bar":"","ocean_shortcode_after_top_bar":"","ocean_shortcode_before_header":"","ocean_shortcode_after_header":"","ocean_has_shortcode":"","ocean_shortcode_after_title":"","ocean_shortcode_before_footer_widgets":"","ocean_shortcode_after_footer_widgets":"","ocean_shortcode_before_footer_bottom":"","ocean_shortcode_after_footer_bottom":"","ocean_display_top_bar":"default","ocean_display_header":"default","ocean_header_style":"","ocean_center_header_left_menu":"0","ocean_custom_header_template":"0","ocean_custom_logo":0,"ocean_custom_retina_logo":0,"ocean_custom_logo_max_width":0,"ocean_custom_logo_tablet_max_width":0,"ocean_custom_logo_mobile_max_width":0,"ocean_custom_logo_max_height":0,"ocean_custom_logo_tablet_max_height":0,"ocean_custom_logo_mobile_max_height":0,"ocean_header_custom_menu":"0","ocean_menu_typo_font_family":"0","ocean_menu_typo_font_subset":"","ocean_menu_typo_font_size":0,"ocean_menu_typo_font_size_tablet":0,"ocean_menu_typo_font_size_mobile":0,"ocean_menu_typo_font_size_unit":"px","ocean_menu_typo_font_weight":"","ocean_menu_typo_font_weight_tablet":"","ocean_menu_typo_font_weight_mobile":"","ocean_menu_typo_transform":"","ocean_menu_typo_transform_tablet":"","ocean_menu_typo_transform_mobile":"","ocean_menu_typo_line_height":0,"ocean_menu_typo_line_height_tablet":0,"ocean_menu_typo_line_height_mobile":0,"ocean_menu_typo_line_height_unit":"","ocean_menu_typo_spacing":0,"ocean_menu_typo_spacing_tablet":0,"ocean_menu_typo_spacing_mobile":0,"ocean_menu_typo_spacing_unit":"","ocean_menu_link_color":"","ocean_menu_link_color_hover":"","ocean_menu_link_color_active":"","ocean_menu_link_background":"","ocean_menu_link_hover_background":"","ocean_menu_link_active_background":"","ocean_menu_social_links_bg":"","ocean_menu_social_hover_links_bg":"","ocean_menu_social_links_color":"","ocean_menu_social_hover_links_color":"","ocean_disable_title":"default","ocean_disable_heading":"default","ocean_post_title":"","ocean_post_subheading":"","ocean_post_title_style":"","ocean_post_title_background_color":"","ocean_post_title_background":0,"ocean_post_title_bg_image_position":"","ocean_post_title_bg_image_attachment":"","ocean_post_title_bg_image_repeat":"","ocean_post_title_bg_image_size":"","ocean_post_title_height":0,"ocean_post_title_bg_overlay":0.5,"ocean_post_title_bg_overlay_color":"","ocean_disable_breadcrumbs":"default","ocean_breadcrumbs_color":"","ocean_breadcrumbs_separator_color":"","ocean_breadcrumbs_links_color":"","ocean_breadcrumbs_links_hover_color":"","ocean_display_footer_widgets":"default","ocean_display_footer_bottom":"default","ocean_custom_footer_template":"0","footnotes":""},"class_list":["post-223","page","type-page","status-publish","hentry","entry"],"jetpack-related-posts":[{"id":90,"url":"https:\/\/chtigiterando.com\/?page_id=90","url_meta":{"origin":223,"position":0},"title":"Equipements","author":"Marielise","date":"11 juillet 2022","format":false,"excerpt":"Int\u00e9rieur T\u00e9l\u00e9visionLave LingeLave vaisselleR\u00e9frig\u00e9rateurCong\u00e9lateurMicro OndeDraps et serviettes fournis Ext\u00e9rieur BarbecueTerrain de boulesSalon de jardinTable de ping pongBaby FootTerrain ClosParking sur terrain Salle de s\u00e9jour \/ Chambre \u00a0Table de s\u00e9jour - Canap\u00e9 lit de 140Chauffage avec pompe \u00e0 chaleur - Climatisation Salle de s\u00e9jour \/ Chambre Salle de s\u00e9jour avec canap\u00e9\u2026","rel":"","context":"Article similaire","block_context":{"text":"Article similaire","link":""},"img":{"alt_text":"","src":"https:\/\/i0.wp.com\/chtigiterando.com\/wp-content\/uploads\/2025\/03\/Salle-de-sejour-4-300x225.jpeg?resize=350%2C200&ssl=1","width":350,"height":200},"classes":[]},{"id":175,"url":"https:\/\/chtigiterando.com\/?page_id=175","url_meta":{"origin":223,"position":1},"title":"Contact","author":"Marielise","date":"12 juillet 2022","format":false,"excerpt":"Formulaire de Contact N'h\u00e9sitez pas \u00e0 nous contacter par t\u00e9l\u00e9phone ou mail pour toute question : Marie-Lise et Philippe Duflos mlduflos2020@gmail.com T\u00e9l : +33 (0)6-86-90-25-85","rel":"","context":"Article similaire","block_context":{"text":"Article similaire","link":""},"img":{"alt_text":"","src":"","width":0,"height":0},"classes":[]},{"id":11,"url":"https:\/\/chtigiterando.com\/?page_id=11","url_meta":{"origin":223,"position":2},"title":"Description","author":"Marielise","date":"7 juillet 2022","format":false,"excerpt":"Capacit\u00e9 de 4 personnes Surface totale de 90 m2 G\u00eete avec acc\u00e8s ind\u00e9pendant \u00e0 l'\u00e9tage de la maison principale \u00a02 Chambres de 19 et 16 m2\u00a0 mansard\u00e9es\u00a0 (1 lit 2 pers 180\/190 et 2 lits 1 pers de 90\/190) 1 Salle de s\u00e9jour de 21 m2 (canap\u00e9 convertible 140\/190) 1\u2026","rel":"","context":"Article similaire","block_context":{"text":"Article similaire","link":""},"img":{"alt_text":"","src":"https:\/\/i0.wp.com\/chtigiterando.com\/wp-content\/uploads\/2022\/07\/image_50404865-1024x768.jpg?resize=350%2C200&ssl=1","width":350,"height":200,"srcset":"https:\/\/i0.wp.com\/chtigiterando.com\/wp-content\/uploads\/2022\/07\/image_50404865-1024x768.jpg?resize=350%2C200&ssl=1 1x, https:\/\/i0.wp.com\/chtigiterando.com\/wp-content\/uploads\/2022\/07\/image_50404865-1024x768.jpg?resize=525%2C300&ssl=1 1.5x, https:\/\/i0.wp.com\/chtigiterando.com\/wp-content\/uploads\/2022\/07\/image_50404865-1024x768.jpg?resize=700%2C400&ssl=1 2x"},"classes":[]},{"id":114,"url":"https:\/\/chtigiterando.com\/?page_id=114","url_meta":{"origin":223,"position":3},"title":"D\u00e9couvrir le Morvan","author":"Marielise","date":"11 juillet 2022","format":false,"excerpt":"\u00a0De nombreuses choses \u00e0 visiter et \u00e0 faire au d\u00e9part du g\u00eete\u00a0- De belles randonn\u00e9es que vos h\u00f4tes sauront vous conseiller pour les avoir faites- Le lac des Settons \u00e0 5km (baignade, paddle, cano\u00e9, kayak, p\u00e9dalo) et les5 autres grands lacs aux alentours- Le mus\u00e9e des nourrices et des enfants\u2026","rel":"","context":"Article similaire","block_context":{"text":"Article similaire","link":""},"img":{"alt_text":"","src":"https:\/\/i0.wp.com\/chtigiterando.com\/wp-content\/uploads\/2023\/01\/IMG_1634-300x225.jpg?resize=350%2C200&ssl=1","width":350,"height":200},"classes":[]},{"id":81,"url":"https:\/\/chtigiterando.com\/?page_id=81","url_meta":{"origin":223,"position":4},"title":"Localisation","author":"Marielise","date":"11 juillet 2022","format":false,"excerpt":"\u00a0En plein c\u0153ur du parc r\u00e9gional du Morvan, le g\u00eete est situ\u00e9\u00a0 :\u00a0\u00e0 5 kms du lac des Settons, 15 kms de Saulieu , 30 kms d'Autun , \u00e0 moins de 3 heures de voiture de Paris, \u00e0 45mn de l\u2019A6 (56 kms d\u2019Avallon)Un endroit parfait pour ceux ou celles\u2026","rel":"","context":"Article similaire","block_context":{"text":"Article similaire","link":""},"img":{"alt_text":"","src":"","width":0,"height":0},"classes":[]},{"id":44,"url":"https:\/\/chtigiterando.com\/","url_meta":{"origin":223,"position":5},"title":"Acceuil","author":"Marielise","date":"10 juillet 2022","format":false,"excerpt":"Le Ch'ti G\u00eete Rando En savoir plus Venez passer de belles vacances en Bourgogne dans notre g\u00eete chaleureux et confortable en plein c\u0153ur du Morvan Vous aimez la nature , le calme , la baignade , l'\u00e9quitation, les randonn\u00e9es \u00e0 pieds , v\u00e9lo , moto , la p\u00eache ... voici\u2026","rel":"","context":"Article similaire","block_context":{"text":"Article similaire","link":""},"img":{"alt_text":"","src":"https:\/\/i0.wp.com\/chtigiterando.com\/wp-content\/uploads\/2022\/11\/IMG_2415-768x576.jpeg?resize=350%2C200&ssl=1","width":350,"height":200,"srcset":"https:\/\/i0.wp.com\/chtigiterando.com\/wp-content\/uploads\/2022\/11\/IMG_2415-768x576.jpeg?resize=350%2C200&ssl=1 1x, https:\/\/i0.wp.com\/chtigiterando.com\/wp-content\/uploads\/2022\/11\/IMG_2415-768x576.jpeg?resize=525%2C300&ssl=1 1.5x, https:\/\/i0.wp.com\/chtigiterando.com\/wp-content\/uploads\/2022\/11\/IMG_2415-768x576.jpeg?resize=700%2C400&ssl=1 2x"},"classes":[]}],"jetpack_sharing_enabled":true,"_links":{"self":[{"href":"https:\/\/chtigiterando.com\/index.php?rest_route=\/wp\/v2\/pages\/223","targetHints":{"allow":["GET"]}}],"collection":[{"href":"https:\/\/chtigiterando.com\/index.php?rest_route=\/wp\/v2\/pages"}],"about":[{"href":"https:\/\/chtigiterando.com\/index.php?rest_route=\/wp\/v2\/types\/page"}],"author":[{"embeddable":true,"href":"https:\/\/chtigiterando.com\/index.php?rest_route=\/wp\/v2\/users\/1"}],"replies":[{"embeddable":true,"href":"https:\/\/chtigiterando.com\/index.php?rest_route=%2Fwp%2Fv2%2Fcomments&post=223"}],"version-history":[{"count":298,"href":"https:\/\/chtigiterando.com\/index.php?rest_route=\/wp\/v2\/pages\/223\/revisions"}],"predecessor-version":[{"id":1251,"href":"https:\/\/chtigiterando.com\/index.php?rest_route=\/wp\/v2\/pages\/223\/revisions\/1251"}],"wp:attachment":[{"href":"https:\/\/chtigiterando.com\/index.php?rest_route=%2Fwp%2Fv2%2Fmedia&parent=223"}],"curies":[{"name":"wp","href":"https:\/\/api.w.org\/{rel}","templated":true}]}}