{"id":44,"date":"2022-07-10T17:42:09","date_gmt":"2022-07-10T15:42:09","guid":{"rendered":"http:\/\/chtigiterando.com\/?page_id=44"},"modified":"2025-03-19T14:50:04","modified_gmt":"2025-03-19T13:50:04","slug":"acceuil","status":"publish","type":"page","link":"https:\/\/chtigiterando.com\/","title":{"rendered":"Acceuil"},"content":{"rendered":"\t\t<div data-elementor-type=\"wp-page\" data-elementor-id=\"44\" class=\"elementor elementor-44\">\n\t\t\t\t\t\t<section class=\"elementor-section elementor-top-section elementor-element elementor-element-13ed2766 elementor-section-height-min-height elementor-section-boxed elementor-section-height-default elementor-section-items-middle\" data-id=\"13ed2766\" data-element_type=\"section\" data-e-type=\"section\" data-settings=\"{&quot;background_background&quot;:&quot;classic&quot;}\">\n\t\t\t\t\t\t<div class=\"elementor-container elementor-column-gap-default\">\n\t\t\t\t\t<div class=\"elementor-column elementor-col-100 elementor-top-column elementor-element elementor-element-ee906f6\" data-id=\"ee906f6\" data-element_type=\"column\" data-e-type=\"column\">\n\t\t\t<div class=\"elementor-widget-wrap elementor-element-populated\">\n\t\t\t\t\t\t<div class=\"elementor-element elementor-element-2f3fff5b elementor-widget elementor-widget-heading\" data-id=\"2f3fff5b\" data-element_type=\"widget\" data-e-type=\"widget\" data-widget_type=\"heading.default\">\n\t\t\t\t<div class=\"elementor-widget-container\">\n\t\t\t\t\t<h1 class=\"elementor-heading-title elementor-size-xl\">Le Ch'ti G\u00eete Rando<\/h1>\t\t\t\t<\/div>\n\t\t\t\t<\/div>\n\t\t\t\t<div class=\"elementor-element elementor-element-cf8286e elementor-align-left e-transform elementor-widget elementor-widget-button\" data-id=\"cf8286e\" data-element_type=\"widget\" data-e-type=\"widget\" data-settings=\"{&quot;_transform_translateX_effect&quot;:{&quot;unit&quot;:&quot;px&quot;,&quot;size&quot;:109,&quot;sizes&quot;:[]},&quot;_transform_translateY_effect&quot;:{&quot;unit&quot;:&quot;px&quot;,&quot;size&quot;:-97,&quot;sizes&quot;:[]},&quot;_transform_translateX_effect_tablet&quot;:{&quot;unit&quot;:&quot;px&quot;,&quot;size&quot;:&quot;&quot;,&quot;sizes&quot;:[]},&quot;_transform_translateX_effect_mobile&quot;:{&quot;unit&quot;:&quot;px&quot;,&quot;size&quot;:&quot;&quot;,&quot;sizes&quot;:[]},&quot;_transform_translateY_effect_tablet&quot;:{&quot;unit&quot;:&quot;px&quot;,&quot;size&quot;:&quot;&quot;,&quot;sizes&quot;:[]},&quot;_transform_translateY_effect_mobile&quot;:{&quot;unit&quot;:&quot;px&quot;,&quot;size&quot;:&quot;&quot;,&quot;sizes&quot;:[]}}\" data-widget_type=\"button.default\">\n\t\t\t\t<div class=\"elementor-widget-container\">\n\t\t\t\t\t\t\t\t\t<div class=\"elementor-button-wrapper\">\n\t\t\t\t\t<a class=\"elementor-button elementor-button-link elementor-size-sm\" href=\"https:\/\/chtigiterando.com\/?page_id=11\">\n\t\t\t\t\t\t<span class=\"elementor-button-content-wrapper\">\n\t\t\t\t\t\t\t\t\t<span class=\"elementor-button-text\">En savoir plus<\/span>\n\t\t\t\t\t<\/span>\n\t\t\t\t\t<\/a>\n\t\t\t\t<\/div>\n\t\t\t\t\t\t\t\t<\/div>\n\t\t\t\t<\/div>\n\t\t\t\t<div class=\"elementor-element elementor-element-7c92e5cf e-transform elementor-widget elementor-widget-text-editor\" data-id=\"7c92e5cf\" data-element_type=\"widget\" data-e-type=\"widget\" data-settings=\"{&quot;_transform_translateX_effect&quot;:{&quot;unit&quot;:&quot;px&quot;,&quot;size&quot;:1,&quot;sizes&quot;:[]},&quot;_transform_translateY_effect&quot;:{&quot;unit&quot;:&quot;px&quot;,&quot;size&quot;:19,&quot;sizes&quot;:[]},&quot;_transform_translateX_effect_tablet&quot;:{&quot;unit&quot;:&quot;px&quot;,&quot;size&quot;:&quot;&quot;,&quot;sizes&quot;:[]},&quot;_transform_translateX_effect_mobile&quot;:{&quot;unit&quot;:&quot;px&quot;,&quot;size&quot;:&quot;&quot;,&quot;sizes&quot;:[]},&quot;_transform_translateY_effect_tablet&quot;:{&quot;unit&quot;:&quot;px&quot;,&quot;size&quot;:&quot;&quot;,&quot;sizes&quot;:[]},&quot;_transform_translateY_effect_mobile&quot;:{&quot;unit&quot;:&quot;px&quot;,&quot;size&quot;:&quot;&quot;,&quot;sizes&quot;:[]}}\" data-widget_type=\"text-editor.default\">\n\t\t\t\t<div class=\"elementor-widget-container\">\n\t\t\t\t\t\t\t\t\t<p><i><b>Venez<\/b><\/i><i><b> passer de belles vacances en Bourgogne dans notre g\u00eete chaleureux et confortable en plein c\u0153ur du Morvan<\/b><\/i><\/p>\t\t\t\t\t\t\t\t<\/div>\n\t\t\t\t<\/div>\n\t\t\t\t\t<\/div>\n\t\t<\/div>\n\t\t\t\t\t<\/div>\n\t\t<\/section>\n\t\t\t\t<section class=\"elementor-section elementor-top-section elementor-element elementor-element-d28fba3 elementor-section-boxed elementor-section-height-default elementor-section-height-default\" data-id=\"d28fba3\" data-element_type=\"section\" data-e-type=\"section\">\n\t\t\t\t\t\t<div class=\"elementor-container elementor-column-gap-default\">\n\t\t\t\t\t<div class=\"elementor-column elementor-col-100 elementor-top-column elementor-element elementor-element-023480a\" data-id=\"023480a\" data-element_type=\"column\" data-e-type=\"column\">\n\t\t\t<div class=\"elementor-widget-wrap elementor-element-populated\">\n\t\t\t\t\t\t<div class=\"elementor-element elementor-element-2ac762e elementor-widget__width-initial elementor-widget elementor-widget-heading\" data-id=\"2ac762e\" data-element_type=\"widget\" data-e-type=\"widget\" data-widget_type=\"heading.default\">\n\t\t\t\t<div class=\"elementor-widget-container\">\n\t\t\t\t\t<h2 class=\"elementor-heading-title elementor-size-default\"><i>Vous aimez la nature , le calme , la baignade , l'\u00e9quitation, les randonn\u00e9es \u00e0 pieds , v\u00e9lo , moto , la p\u00eache ... voici l'endroit id\u00e9al pour passer de bons moments en famille ou entre amis<\/i><\/h2>\t\t\t\t<\/div>\n\t\t\t\t<\/div>\n\t\t\t\t<div class=\"elementor-element elementor-element-793981c elementor-widget elementor-widget-image\" data-id=\"793981c\" data-element_type=\"widget\" data-e-type=\"widget\" data-widget_type=\"image.default\">\n\t\t\t\t<div class=\"elementor-widget-container\">\n\t\t\t\t\t\t\t\t\t\t\t\t\t\t\t<img fetchpriority=\"high\" decoding=\"async\" width=\"768\" height=\"576\" src=\"https:\/\/chtigiterando.com\/wp-content\/uploads\/2022\/11\/IMG_2415-768x576.jpeg\" class=\"attachment-medium_large size-medium_large wp-image-633\" alt=\"\" srcset=\"https:\/\/chtigiterando.com\/wp-content\/uploads\/2022\/11\/IMG_2415-768x576.jpeg 768w, https:\/\/chtigiterando.com\/wp-content\/uploads\/2022\/11\/IMG_2415-300x225.jpeg 300w, https:\/\/chtigiterando.com\/wp-content\/uploads\/2022\/11\/IMG_2415-1024x768.jpeg 1024w, https:\/\/chtigiterando.com\/wp-content\/uploads\/2022\/11\/IMG_2415-1536x1152.jpeg 1536w, https:\/\/chtigiterando.com\/wp-content\/uploads\/2022\/11\/IMG_2415.jpeg 2048w\" sizes=\"(max-width: 768px) 100vw, 768px\" \/>\t\t\t\t\t\t\t\t\t\t\t\t\t\t\t<\/div>\n\t\t\t\t<\/div>\n\t\t\t\t\t<\/div>\n\t\t<\/div>\n\t\t\t\t\t<\/div>\n\t\t<\/section>\n\t\t\t\t<\/div>\n\t\t","protected":false},"excerpt":{"rendered":"<p>Le Ch&rsquo;ti G\u00eete Rando En savoir plus Venez passer de belles vacances en Bourgogne dans notre g\u00eete chaleureux et confortable en plein c\u0153ur du Morvan Vous aimez la nature , le calme , la baignade , l&rsquo;\u00e9quitation, les randonn\u00e9es \u00e0 pieds , v\u00e9lo , moto , la p\u00eache &#8230; voici l&rsquo;endroit id\u00e9al pour passer de [&hellip;]<\/p>\n","protected":false},"author":1,"featured_media":0,"parent":0,"menu_order":0,"comment_status":"closed","ping_status":"closed","template":"","meta":{"ocean_post_layout":"","ocean_both_sidebars_style":"","ocean_both_sidebars_content_width":0,"ocean_both_sidebars_sidebars_width":0,"ocean_sidebar":"0","ocean_second_sidebar":"0","ocean_disable_margins":"enable","ocean_add_body_class":"","ocean_shortcode_before_top_bar":"","ocean_shortcode_after_top_bar":"","ocean_shortcode_before_header":"","ocean_shortcode_after_header":"","ocean_has_shortcode":"","ocean_shortcode_after_title":"","ocean_shortcode_before_footer_widgets":"","ocean_shortcode_after_footer_widgets":"","ocean_shortcode_before_footer_bottom":"","ocean_shortcode_after_footer_bottom":"","ocean_display_top_bar":"default","ocean_display_header":"default","ocean_header_style":"","ocean_center_header_left_menu":"0","ocean_custom_header_template":"0","ocean_custom_logo":0,"ocean_custom_retina_logo":0,"ocean_custom_logo_max_width":0,"ocean_custom_logo_tablet_max_width":0,"ocean_custom_logo_mobile_max_width":0,"ocean_custom_logo_max_height":0,"ocean_custom_logo_tablet_max_height":0,"ocean_custom_logo_mobile_max_height":0,"ocean_header_custom_menu":"0","ocean_menu_typo_font_family":"0","ocean_menu_typo_font_subset":"","ocean_menu_typo_font_size":0,"ocean_menu_typo_font_size_tablet":0,"ocean_menu_typo_font_size_mobile":0,"ocean_menu_typo_font_size_unit":"px","ocean_menu_typo_font_weight":"","ocean_menu_typo_font_weight_tablet":"","ocean_menu_typo_font_weight_mobile":"","ocean_menu_typo_transform":"","ocean_menu_typo_transform_tablet":"","ocean_menu_typo_transform_mobile":"","ocean_menu_typo_line_height":0,"ocean_menu_typo_line_height_tablet":0,"ocean_menu_typo_line_height_mobile":0,"ocean_menu_typo_line_height_unit":"","ocean_menu_typo_spacing":0,"ocean_menu_typo_spacing_tablet":0,"ocean_menu_typo_spacing_mobile":0,"ocean_menu_typo_spacing_unit":"","ocean_menu_link_color":"","ocean_menu_link_color_hover":"","ocean_menu_link_color_active":"","ocean_menu_link_background":"","ocean_menu_link_hover_background":"","ocean_menu_link_active_background":"","ocean_menu_social_links_bg":"","ocean_menu_social_hover_links_bg":"","ocean_menu_social_links_color":"","ocean_menu_social_hover_links_color":"","ocean_disable_title":"default","ocean_disable_heading":"default","ocean_post_title":"","ocean_post_subheading":"","ocean_post_title_style":"","ocean_post_title_background_color":"","ocean_post_title_background":0,"ocean_post_title_bg_image_position":"","ocean_post_title_bg_image_attachment":"","ocean_post_title_bg_image_repeat":"","ocean_post_title_bg_image_size":"","ocean_post_title_height":0,"ocean_post_title_bg_overlay":0.5,"ocean_post_title_bg_overlay_color":"","ocean_disable_breadcrumbs":"default","ocean_breadcrumbs_color":"","ocean_breadcrumbs_separator_color":"","ocean_breadcrumbs_links_color":"","ocean_breadcrumbs_links_hover_color":"","ocean_display_footer_widgets":"default","ocean_display_footer_bottom":"default","ocean_custom_footer_template":"0","footnotes":""},"class_list":["post-44","page","type-page","status-publish","hentry","entry"],"jetpack-related-posts":[{"id":90,"url":"https:\/\/chtigiterando.com\/?page_id=90","url_meta":{"origin":44,"position":0},"title":"Equipements","author":"Marielise","date":"11 juillet 2022","format":false,"excerpt":"Int\u00e9rieur T\u00e9l\u00e9visionLave LingeLave vaisselleR\u00e9frig\u00e9rateurCong\u00e9lateurMicro OndeDraps et serviettes fournis Ext\u00e9rieur BarbecueTerrain de boulesSalon de jardinTable de ping pongBaby FootTerrain ClosParking sur terrain Salle de s\u00e9jour \/ Chambre \u00a0Table de s\u00e9jour - Canap\u00e9 lit de 140Chauffage avec pompe \u00e0 chaleur - Climatisation Salle de s\u00e9jour \/ Chambre Salle de s\u00e9jour avec canap\u00e9\u2026","rel":"","context":"Article similaire","block_context":{"text":"Article similaire","link":""},"img":{"alt_text":"","src":"https:\/\/i0.wp.com\/chtigiterando.com\/wp-content\/uploads\/2025\/03\/Salle-de-sejour-4-300x225.jpeg?resize=350%2C200&ssl=1","width":350,"height":200},"classes":[]},{"id":11,"url":"https:\/\/chtigiterando.com\/?page_id=11","url_meta":{"origin":44,"position":1},"title":"Description","author":"Marielise","date":"7 juillet 2022","format":false,"excerpt":"Capacit\u00e9 de 4 personnes Surface totale de 90 m2 G\u00eete avec acc\u00e8s ind\u00e9pendant \u00e0 l'\u00e9tage de la maison principale \u00a02 Chambres de 19 et 16 m2\u00a0 mansard\u00e9es\u00a0 (1 lit 2 pers 180\/190 et 2 lits 1 pers de 90\/190) 1 Salle de s\u00e9jour de 21 m2 (canap\u00e9 convertible 140\/190) 1\u2026","rel":"","context":"Article similaire","block_context":{"text":"Article similaire","link":""},"img":{"alt_text":"","src":"https:\/\/i0.wp.com\/chtigiterando.com\/wp-content\/uploads\/2022\/07\/image_50404865-1024x768.jpg?resize=350%2C200&ssl=1","width":350,"height":200,"srcset":"https:\/\/i0.wp.com\/chtigiterando.com\/wp-content\/uploads\/2022\/07\/image_50404865-1024x768.jpg?resize=350%2C200&ssl=1 1x, https:\/\/i0.wp.com\/chtigiterando.com\/wp-content\/uploads\/2022\/07\/image_50404865-1024x768.jpg?resize=525%2C300&ssl=1 1.5x, https:\/\/i0.wp.com\/chtigiterando.com\/wp-content\/uploads\/2022\/07\/image_50404865-1024x768.jpg?resize=700%2C400&ssl=1 2x"},"classes":[]},{"id":81,"url":"https:\/\/chtigiterando.com\/?page_id=81","url_meta":{"origin":44,"position":2},"title":"Localisation","author":"Marielise","date":"11 juillet 2022","format":false,"excerpt":"\u00a0En plein c\u0153ur du parc r\u00e9gional du Morvan, le g\u00eete est situ\u00e9\u00a0 :\u00a0\u00e0 5 kms du lac des Settons, 15 kms de Saulieu , 30 kms d'Autun , \u00e0 moins de 3 heures de voiture de Paris, \u00e0 45mn de l\u2019A6 (56 kms d\u2019Avallon)Un endroit parfait pour ceux ou celles\u2026","rel":"","context":"Article similaire","block_context":{"text":"Article similaire","link":""},"img":{"alt_text":"","src":"","width":0,"height":0},"classes":[]},{"id":114,"url":"https:\/\/chtigiterando.com\/?page_id=114","url_meta":{"origin":44,"position":3},"title":"D\u00e9couvrir le Morvan","author":"Marielise","date":"11 juillet 2022","format":false,"excerpt":"\u00a0De nombreuses choses \u00e0 visiter et \u00e0 faire au d\u00e9part du g\u00eete\u00a0- De belles randonn\u00e9es que vos h\u00f4tes sauront vous conseiller pour les avoir faites- Le lac des Settons \u00e0 5km (baignade, paddle, cano\u00e9, kayak, p\u00e9dalo) et les5 autres grands lacs aux alentours- Le mus\u00e9e des nourrices et des enfants\u2026","rel":"","context":"Article similaire","block_context":{"text":"Article similaire","link":""},"img":{"alt_text":"","src":"https:\/\/i0.wp.com\/chtigiterando.com\/wp-content\/uploads\/2023\/01\/IMG_1634-300x225.jpg?resize=350%2C200&ssl=1","width":350,"height":200},"classes":[]}],"jetpack_sharing_enabled":true,"_links":{"self":[{"href":"https:\/\/chtigiterando.com\/index.php?rest_route=\/wp\/v2\/pages\/44","targetHints":{"allow":["GET"]}}],"collection":[{"href":"https:\/\/chtigiterando.com\/index.php?rest_route=\/wp\/v2\/pages"}],"about":[{"href":"https:\/\/chtigiterando.com\/index.php?rest_route=\/wp\/v2\/types\/page"}],"author":[{"embeddable":true,"href":"https:\/\/chtigiterando.com\/index.php?rest_route=\/wp\/v2\/users\/1"}],"replies":[{"embeddable":true,"href":"https:\/\/chtigiterando.com\/index.php?rest_route=%2Fwp%2Fv2%2Fcomments&post=44"}],"version-history":[{"count":59,"href":"https:\/\/chtigiterando.com\/index.php?rest_route=\/wp\/v2\/pages\/44\/revisions"}],"predecessor-version":[{"id":1206,"href":"https:\/\/chtigiterando.com\/index.php?rest_route=\/wp\/v2\/pages\/44\/revisions\/1206"}],"wp:attachment":[{"href":"https:\/\/chtigiterando.com\/index.php?rest_route=%2Fwp%2Fv2%2Fmedia&parent=44"}],"curies":[{"name":"wp","href":"https:\/\/api.w.org\/{rel}","templated":true}]}}